{"id":20,"date":"2012-04-12T08:37:43","date_gmt":"2012-04-12T08:37:43","guid":{"rendered":"http:\/\/workssent.ch\/wp\/?page_id=20"},"modified":"2020-12-16T14:19:00","modified_gmt":"2020-12-16T14:19:00","slug":"kontakt","status":"publish","type":"page","link":"https:\/\/workssent.ch\/?page_id=20","title":{"rendered":"Kontakt"},"content":{"rendered":"<p>Gerne informieren wir sie \u00fcber unsere Leistungen.<\/p>\n<p>Wir freuen uns, von ihnen zu h\u00f6ren.<\/p>\n<p>&nbsp;<\/p>\n<p>Works by Hedi Senteler<br \/>\nRepresenting<br \/>\nSchwendiweg 77E<br \/>\nCH-7241 Conters<\/p>\n<p><strong>Postadresse<\/strong><br \/>\nPostfach 11, CH-7240 K\u00fcblis<\/p>\n<p>&nbsp;<\/p>\n<p>Voice: \u00a0 \u00a0 \u00a0 +41 (0)81 330 52 32<\/p>\n<p>Mobile: \u00a0 \u00a0+41 (0)79 401 59 40<\/p>\n<p>E-mail:\u00a0\u00a0\u00a0\u00a0\u00a0\u00a0&#x68;&#101;&#x73;&#64;&#x77;&#111;&#x72;&#107;&#x73;&#115;&#x65;&#110;&#x74;&#46;c&#x68;<\/p>\n","protected":false},"excerpt":{"rendered":"<p>Gerne informieren wir sie \u00fcber unsere Leistungen. Wir freuen uns, von ihnen zu h\u00f6ren. &nbsp; Works by Hedi Senteler Representing Schwendiweg 77E CH-7241 Conters Postadresse Postfach 11, CH-7240 K\u00fcblis &nbsp; Voice: \u00a0 \u00a0 \u00a0 +41 (0)81 330 52 32 Mobile: \u00a0 \u00a0+41 (0)79 401 59 40 E-mail:\u00a0\u00a0\u00a0\u00a0\u00a0\u00a0&#x68;&#x65;&#x73;&#x40;&#x77;&#x6f;&#114;&#107;&#115;sen&#x74;&#x2e;&#x63;&#x68;<\/p>\n","protected":false},"author":1,"featured_media":0,"parent":0,"menu_order":60,"comment_status":"open","ping_status":"closed","template":"","meta":{"footnotes":"","_links_to":"","_links_to_target":""},"_links":{"self":[{"href":"https:\/\/workssent.ch\/index.php?rest_route=\/wp\/v2\/pages\/20"}],"collection":[{"href":"https:\/\/workssent.ch\/index.php?rest_route=\/wp\/v2\/pages"}],"about":[{"href":"https:\/\/workssent.ch\/index.php?rest_route=\/wp\/v2\/types\/page"}],"author":[{"embeddable":true,"href":"https:\/\/workssent.ch\/index.php?rest_route=\/wp\/v2\/users\/1"}],"replies":[{"embeddable":true,"href":"https:\/\/workssent.ch\/index.php?rest_route=%2Fwp%2Fv2%2Fcomments&post=20"}],"version-history":[{"count":18,"href":"https:\/\/workssent.ch\/index.php?rest_route=\/wp\/v2\/pages\/20\/revisions"}],"predecessor-version":[{"id":1640,"href":"https:\/\/workssent.ch\/index.php?rest_route=\/wp\/v2\/pages\/20\/revisions\/1640"}],"wp:attachment":[{"href":"https:\/\/workssent.ch\/index.php?rest_route=%2Fwp%2Fv2%2Fmedia&parent=20"}],"curies":[{"name":"wp","href":"https:\/\/api.w.org\/{rel}","templated":true}]}}